{"id":29,"date":"2013-09-10T19:58:37","date_gmt":"2013-09-10T19:58:37","guid":{"rendered":"http:\/\/www.kant-online.ru\/en\/?page_id=29"},"modified":"2013-11-01T16:26:24","modified_gmt":"2013-11-01T16:26:24","slug":"links","status":"publish","type":"page","link":"https:\/\/kant-online.ru\/en\/links\/","title":{"rendered":"Links"},"content":{"rendered":"<ul>\n<li><a title=\"External link to www.kant-gesellschaft.de\" href=\"http:\/\/www.kant-gesellschaft.de\/\" target=\"_blank\">Kant-Gesellschaft e.V.<\/a><\/li>\n<li><a title=\"External link to www.uni-marburg.de\/kant\" href=\"http:\/\/www.uni-marburg.de\/kant\" target=\"_blank\">Immanuel Kant Information Online (Kant-Forschungsstelle Marburg)<\/a><\/li>\n<li><a title=\"External link to http:\/\/www.uni-trier.de\/index.php?id=6352\" href=\"http:\/\/www.uni-trier.de\/index.php?id=6352\" target=\"_blank\">Kant-Forschungsstelle am Fachbereich I der Universit\u00e4t Trier<\/a><\/li>\n<li><a title=\"External link to http:\/\/www.hartmutgeerken.de\/html\/friedlaender_mynona.html\" href=\"http:\/\/www.hartmutgeerken.de\/html\/friedlaender_mynona.html\" target=\"_blank\">Forschungsprojekt an der Kant-Forschungsstelle Trier: Edition Friedl\u00e4nder\/Mynona<\/a><\/li>\n<li><a title=\"External link to http:\/\/knb.mpiwg-berlin.mpg.de\" href=\"http:\/\/knb.mpiwg-berlin.mpg.de\/\" target=\"_blank\">Kants naturtheoretische Begriffe (Datenbank, Lef\u00e8vre\/Wunderlich, MPIWG, Berlin)<\/a><\/li>\n<li><a title=\"External link to www.fb1.uni-siegen.de\/philosophie\/zetkik\/\" href=\"http:\/\/www.fb1.uni-siegen.de\/philosophie\/zetkik\/\" target=\"_blank\">Zentrum f\u00fcr Kommentatorische Interpretationen zu Kant (ZetKIK) an der Universit\u00e4t Siegen<\/a><\/li>\n<li><a title=\"External link to http:\/\/korpora.org\/Kant\/\" href=\"http:\/\/korpora.org\/Kant\/\" target=\"_blank\">Universit\u00e4t Bonn, Kant-Korpus (IKP)<\/a><\/li>\n<li><a title=\" External link to http:\/\/korpora.org\/Kant\/verzeichnisse-gesamt.html\" href=\"http:\/\/korpora.org\/Kant\/verzeichnisse-gesamt.html\" target=\"_blank\">Universit\u00e4t Bonn, Kant-Korpus (IKP), Immanuel Kants Werke in elektronischer Form<\/a><\/li>\n<li><a title=\" External link to http:\/\/philovieth.de\/index.php?id=34\" href=\"http:\/\/philovieth.de\/index.php?id=34\" target=\"_blank\">Bilddatenbank, Universit\u00e4t Duisburg-Essen, Museum Stadt K\u00f6nigsberg<\/a><\/li>\n<li><a title=\" External link to http:\/\/www.freunde-kants.com\/\" href=\"http:\/\/www.freunde-kants.com\/\" target=\"_blank\">Gesellschaft der Freunde Kants und K\u00f6nigsbergs e.V.<\/a><\/li>\n<li><a title=\" External link to http:\/\/www.kantiana.it\/\" href=\"http:\/\/www.kantiana.it\/\" target=\"_blank\">Kantiana. Testi &#8211; ricerche &#8211; materiali sull&#8217;irradiazione di Kant. Universita della Valle d&#8217;Aosta<\/a><\/li>\n<li><a title=\" External link to http:\/\/www.marilia.unesp.br\/cpek\" href=\"http:\/\/www.kant.uni-mainz.de\/www.marilia.unesp.br\/cpek\" target=\"_blank\">CPEK &#8211; Centro de Pesquisas e Estudos Kantianos &#8220;Valerio Rohden&#8221;. UNESP Mar\u00edlia<\/a><\/li>\n<li><a title=\"External link to http:\/\/socstudikantiani.fls.unipi.it\/\" href=\"http:\/\/www.studikant.it\/\" target=\"_blank\">Societ\u00e0 Italiana di Studi Kantiani<\/a><\/li>\n<li><a title=\"External link to http:\/\/wwwde.uni.lu\/forschung\/flshase\/laboratoire_de_philosophie_et_d_histoire_des_idees\/societe_d_etudes_kantiennes\" href=\"http:\/\/wwwde.uni.lu\/forschung\/flshase\/laboratoire_de_philosophie_et_d_histoire_des_idees\/societe_d_etudes_kantiennes\" target=\"_blank\">Soci\u00e9t\u00e9 d\u2019\u00c9tudes Kantiennes de Langue Fran\u00e7aise<\/a><\/li>\n<li><a title=\"http:\/\/www.hf.uio.no\/ifikk\/forskning\/aktuelt\/arrangementer\/gjesteforelesninger-seminarer\/faste-seminarer\/kantselskapet\/\" href=\"http:\/\/www.hf.uio.no\/ifikk\/forskning\/aktuelt\/arrangementer\/gjesteforelesninger-seminarer\/faste-seminarer\/kantselskapet\/\" target=\"_blank\">Norsk Kant-selskap (Norwegische Kant-Gesellschaft)<\/a><\/li>\n<li><a title=\"External link to www.keele.ac.uk\/UKKS\" href=\"http:\/\/www.keele.ac.uk\/UKKS\/\" target=\"_blank\">U.K. Kant Society<\/a><\/li>\n<li><a title=\"External link to http:\/\/kant.39.ru\" href=\"http:\/\/kant.39.ru\/\" target=\"_blank\">Russische Kant-Gesellschaft<\/a><\/li>\n<li><a title=\"External link to www.sandiego.edu\/naks\/\" href=\"http:\/\/www.sandiego.edu\/naks\/\" target=\"_blank\">North American Kant Society<\/a><\/li>\n<li><a title=\" External link to http:\/\/www.sociedadekant.org\/\" href=\"http:\/\/www.sociedadekant.org\/\" target=\"_blank\">Sociedade Kant Brasileira (Brasilianische Kant-Gesellschaft)<\/a><\/li>\n<li><a title=\" External link to http:\/\/www.kant.org.br\/\" href=\"http:\/\/www.kant.org.br\/\" target=\"_blank\">Sociedade Kant Brasileira, Se\u00e7\u00e3o de Campinas<\/a><\/li>\n<li><a title=\" External link to http:\/\/japanische-kant-gesellschaft.org\/\" href=\"http:\/\/japanische-kant-gesellschaft.org\/\" target=\"_blank\">Japanische Kant-Gesellschaft<\/a><\/li>\n<li><a title=\" External link to http:\/\/kantgesellschaft.com\/\" href=\"http:\/\/kantgesellschaft.com\/\" target=\"_blank\">Koreanische Kant-Gesellschaft<\/a><\/li>\n<li><a title=\"External link to www.cle.unicamp.br\/kant-e-prints\/\" href=\"http:\/\/www.cle.unicamp.br\/kant-e-prints\/\" target=\"_blank\">Philosophy Department, Pontificial Catholic University of Paran\u00e1, Kant e-Prints<\/a><\/li>\n<li><a title=\"External link to www.hkbu.edu.hk\/~ppp\/Kant.html\" href=\"http:\/\/www.hkbu.edu.hk\/~ppp\/Kant.html\" target=\"_blank\">Palmquist\u2019s Kant Site<\/a><\/li>\n<\/ul>\n","protected":false},"excerpt":{"rendered":"<p>Kant-Gesellschaft e.V. Immanuel Kant Information Online (Kant-Forschungsstelle Marburg) Kant-Forschungsstelle am Fachbereich I der Universit\u00e4t Trier Forschungsprojekt an der Kant-Forschungsstelle Trier: Edition Friedl\u00e4nder\/Mynona Kants naturtheoretische Begriffe (Datenbank, Lef\u00e8vre\/Wunderlich, MPIWG, Berlin) Zentrum f\u00fcr Kommentatorische Interpretationen zu Kant (ZetKIK) an der Universit\u00e4t Siegen Universit\u00e4t Bonn, Kant-Korpus (IKP) Universit\u00e4t Bonn, Kant-Korpus (IKP), Immanuel Kants Werke in elektronischer Form Bilddatenbank, [&hellip;]<\/p>\n","protected":false},"author":1,"featured_media":0,"parent":0,"menu_order":0,"comment_status":"closed","ping_status":"closed","template":"","meta":[],"_links":{"self":[{"href":"https:\/\/kant-online.ru\/en\/wp-json\/wp\/v2\/pages\/29"}],"collection":[{"href":"https:\/\/kant-online.ru\/en\/wp-json\/wp\/v2\/pages"}],"about":[{"href":"https:\/\/kant-online.ru\/en\/wp-json\/wp\/v2\/types\/page"}],"author":[{"embeddable":true,"href":"https:\/\/kant-online.ru\/en\/wp-json\/wp\/v2\/users\/1"}],"replies":[{"embeddable":true,"href":"https:\/\/kant-online.ru\/en\/wp-json\/wp\/v2\/comments?post=29"}],"version-history":[{"count":4,"href":"https:\/\/kant-online.ru\/en\/wp-json\/wp\/v2\/pages\/29\/revisions"}],"predecessor-version":[{"id":141,"href":"https:\/\/kant-online.ru\/en\/wp-json\/wp\/v2\/pages\/29\/revisions\/141"}],"wp:attachment":[{"href":"https:\/\/kant-online.ru\/en\/wp-json\/wp\/v2\/media?parent=29"}],"curies":[{"name":"wp","href":"https:\/\/api.w.org\/{rel}","templated":true}]}}