{"id":2234,"date":"2022-01-04T17:44:58","date_gmt":"2022-01-04T17:44:58","guid":{"rendered":"https:\/\/kant-online.ru\/en\/?page_id=2234"},"modified":"2023-10-16T21:11:43","modified_gmt":"2023-10-16T21:11:43","slug":"congres-kant2024","status":"publish","type":"page","link":"https:\/\/kant-online.ru\/en\/congres-kant2024\/","title":{"rendered":"Congr\u00e8s Kant 2024"},"content":{"rendered":"\n<div class=\"wp-block-media-text alignwide\"><figure class=\"wp-block-media-text__media\"><img loading=\"lazy\" width=\"800\" height=\"458\" src=\"https:\/\/kant-online.ru\/en\/wp-content\/uploads\/2021\/04\/KH01.jpg\" alt=\"\" class=\"wp-image-1711 size-full\" srcset=\"https:\/\/kant-online.ru\/en\/wp-content\/uploads\/2021\/04\/KH01.jpg 800w, https:\/\/kant-online.ru\/en\/wp-content\/uploads\/2021\/04\/KH01-300x172.jpg 300w, https:\/\/kant-online.ru\/en\/wp-content\/uploads\/2021\/04\/KH01-768x440.jpg 768w\" sizes=\"(max-width: 800px) 100vw, 800px\" \/><\/figure><div class=\"wp-block-media-text__content\">\n<p><\/p>\n\n\n\n<p style=\"font-size:19px\">Congr\u00e8s International Kant&nbsp;<\/p>\n\n\n\n<p style=\"font-size:22px\"><strong>LE CONCEPT COSMOLOGIQUE DE PHILOSOPHIE<\/strong><\/p>\n\n\n\n<p style=\"font-size:17px\">22-24 avril 2024<\/p>\n\n\n\n<p style=\"font-size:17px\">Immanuel Kant Baltic Federal University, Kaliningrad, Russie<\/p>\n<\/div><\/div>\n\n\n\n<p><\/p>\n\n\n\n<p><strong>Pr\u00e9sentation&nbsp;:<\/strong><\/p>\n\n\n\n<p>Le Congr\u00e8s International Kant organis\u00e9 par l\u2019Universit\u00e9 F\u00e9d\u00e9rale Baltique Emmanuel Kant \u00e0 Kaliningrad sera consacr\u00e9 au 300<sup>e<\/sup>&nbsp;anniversaire de la naissance d\u2019Emmanuel Kant.&nbsp;<\/p>\n\n\n\n<p>L\u2019expression \u00abconcept cosmologique de la philosophie\u00bb, \u00e0 la fin de la\u00a0<em>Critique de la raison pure,<\/em>\u00a0se r\u00e9f\u00e8re \u00e0 l\u2019ensemble du syst\u00e8me kantien et \u00e0 son architectonique. Cette expression concerne, ce faisant, le lien interne\u00a0de toutes les disciplines couvertes par la philosophie kantienne. Le concept cosmologique de philosophie permet de discuter de \u00abce qui int\u00e9resse n\u00e9cessairement chaque personne\u00bb. C\u2019est \u00e0 dire\u00a0: les principes ultimes d\u2019une vie bonne, juste et qui a du sens. <\/p>\n\n\n\n<p>Les conditions de participation et l&#8217;appel \u00e0 candidatures sont disponibles sur <strong><a href=\"https:\/\/kant300.kantiana.ru\/en\/about\/\">le site officiel<\/a><\/strong> du Congr\u00e8s.<\/p>\n","protected":false},"excerpt":{"rendered":"<p>Congr\u00e8s International Kant&nbsp; LE CONCEPT COSMOLOGIQUE DE PHILOSOPHIE 22-24 avril 2024 Immanuel Kant Baltic Federal University, Kaliningrad, Russie Pr\u00e9sentation&nbsp;: Le Congr\u00e8s International Kant organis\u00e9 par l\u2019Universit\u00e9 F\u00e9d\u00e9rale Baltique Emmanuel Kant \u00e0 Kaliningrad sera consacr\u00e9 au 300e&nbsp;anniversaire de la naissance d\u2019Emmanuel Kant.&nbsp; L\u2019expression \u00abconcept cosmologique de la philosophie\u00bb, \u00e0 la fin de la\u00a0Critique de la raison [&hellip;]<\/p>\n","protected":false},"author":1,"featured_media":1711,"parent":0,"menu_order":0,"comment_status":"closed","ping_status":"closed","template":"","meta":[],"_links":{"self":[{"href":"https:\/\/kant-online.ru\/en\/wp-json\/wp\/v2\/pages\/2234"}],"collection":[{"href":"https:\/\/kant-online.ru\/en\/wp-json\/wp\/v2\/pages"}],"about":[{"href":"https:\/\/kant-online.ru\/en\/wp-json\/wp\/v2\/types\/page"}],"author":[{"embeddable":true,"href":"https:\/\/kant-online.ru\/en\/wp-json\/wp\/v2\/users\/1"}],"replies":[{"embeddable":true,"href":"https:\/\/kant-online.ru\/en\/wp-json\/wp\/v2\/comments?post=2234"}],"version-history":[{"count":13,"href":"https:\/\/kant-online.ru\/en\/wp-json\/wp\/v2\/pages\/2234\/revisions"}],"predecessor-version":[{"id":2479,"href":"https:\/\/kant-online.ru\/en\/wp-json\/wp\/v2\/pages\/2234\/revisions\/2479"}],"wp:featuredmedia":[{"embeddable":true,"href":"https:\/\/kant-online.ru\/en\/wp-json\/wp\/v2\/media\/1711"}],"wp:attachment":[{"href":"https:\/\/kant-online.ru\/en\/wp-json\/wp\/v2\/media?parent=2234"}],"curies":[{"name":"wp","href":"https:\/\/api.w.org\/{rel}","templated":true}]}}