{"id":2214,"date":"2022-01-01T16:31:00","date_gmt":"2022-01-01T16:31:00","guid":{"rendered":"https:\/\/kant-online.ru\/en\/?page_id=2214"},"modified":"2024-01-18T19:59:49","modified_gmt":"2024-01-18T19:59:49","slug":"kant-kongress2024","status":"publish","type":"page","link":"https:\/\/kant-online.ru\/en\/kant-kongress2024\/","title":{"rendered":"Kant-Kongress 2024"},"content":{"rendered":"\n<div class=\"wp-block-group\"><div class=\"wp-block-group__inner-container\">\n<div class=\"wp-block-columns\">\n<div class=\"wp-block-column\" style=\"flex-basis:100%\">\n<div class=\"wp-block-media-text alignwide\"><figure class=\"wp-block-media-text__media\"><img loading=\"lazy\" width=\"800\" height=\"458\" src=\"https:\/\/kant-online.ru\/en\/wp-content\/uploads\/2021\/04\/KH01.jpg\" alt=\"\" class=\"wp-image-1711 size-full\" srcset=\"https:\/\/kant-online.ru\/en\/wp-content\/uploads\/2021\/04\/KH01.jpg 800w, https:\/\/kant-online.ru\/en\/wp-content\/uploads\/2021\/04\/KH01-300x172.jpg 300w, https:\/\/kant-online.ru\/en\/wp-content\/uploads\/2021\/04\/KH01-768x440.jpg 768w\" sizes=\"(max-width: 800px) 100vw, 800px\" \/><\/figure><div class=\"wp-block-media-text__content\">\n<p><\/p>\n\n\n\n<p style=\"font-size:19px\">Internationaler Kant-Kongress<\/p>\n\n\n\n<p class=\"has-text-align-left\" style=\"font-size:22px\"><strong>DER WELTBEGRIFF DER PHILOSOPHIE<\/strong><\/p>\n\n\n\n<p class=\"has-text-align-left\"><em>22. \u2014 24. April 2024<\/em><\/p>\n\n\n\n<p class=\"has-text-align-left\"><em>Immanuel Kant Baltic Federal University, Kaliningrad, Russland<\/em><\/p>\n<\/div><\/div>\n<\/div>\n<\/div>\n<\/div><\/div>\n\n\n\n<p><strong>\u00dcber den Kongress<\/strong><\/p>\n\n\n\n<p>Der Internationale Kant-Kongress wird von der Baltische F\u00f6derale Immanuel Kant-Universit\u00e4t ausgerichtet und ist dem 300. Geburtstag Immanuel Kants gewidmet.&nbsp;<\/p>\n\n\n\n<p>Der Ausdruck \u201eWeltbegriff der Philosophie\u201c am Ende der&nbsp;<em>Kritik der reinen Vernunft<\/em>&nbsp;bezieht sich auf das Ganze des Kantischen Systems und seine Architektonik. Damit betrifft er den inneren Zusammenhang aller Bereiche der Philosophie Kants. Mit dem Weltbegriff der Philosophie steht das zur Diskussion, \u201ewas jedermann notwendig interessiert\u201c. Das sind die letzten Prinzipien eines guten, gerechten und sinnstiftenden Lebens.&nbsp;<\/p>\n\n\n\n<p>Call for Papers: bis <strong>20. Januar 202<\/strong>4.<\/p>\n\n\n\n<p>Die Teilnahmebedingungen und CfP siehe <a href=\"https:\/\/kant300.kantiana.ru\/de\/about\/\"><strong>hier<\/strong><\/a> und <a href=\"https:\/\/kant300.kantiana.ru\/de\/registration\/\"><strong>hier<\/strong><\/a>.<\/p>\n","protected":false},"excerpt":{"rendered":"<p>Internationaler Kant-Kongress DER WELTBEGRIFF DER PHILOSOPHIE 22. \u2014 24. April 2024 Immanuel Kant Baltic Federal University, Kaliningrad, Russland \u00dcber den Kongress Der Internationale Kant-Kongress wird von der Baltische F\u00f6derale Immanuel Kant-Universit\u00e4t ausgerichtet und ist dem 300. Geburtstag Immanuel Kants gewidmet.&nbsp; Der Ausdruck \u201eWeltbegriff der Philosophie\u201c am Ende der&nbsp;Kritik der reinen Vernunft&nbsp;bezieht sich auf das Ganze [&hellip;]<\/p>\n","protected":false},"author":1,"featured_media":1711,"parent":0,"menu_order":0,"comment_status":"closed","ping_status":"closed","template":"","meta":[],"_links":{"self":[{"href":"https:\/\/kant-online.ru\/en\/wp-json\/wp\/v2\/pages\/2214"}],"collection":[{"href":"https:\/\/kant-online.ru\/en\/wp-json\/wp\/v2\/pages"}],"about":[{"href":"https:\/\/kant-online.ru\/en\/wp-json\/wp\/v2\/types\/page"}],"author":[{"embeddable":true,"href":"https:\/\/kant-online.ru\/en\/wp-json\/wp\/v2\/users\/1"}],"replies":[{"embeddable":true,"href":"https:\/\/kant-online.ru\/en\/wp-json\/wp\/v2\/comments?post=2214"}],"version-history":[{"count":16,"href":"https:\/\/kant-online.ru\/en\/wp-json\/wp\/v2\/pages\/2214\/revisions"}],"predecessor-version":[{"id":2605,"href":"https:\/\/kant-online.ru\/en\/wp-json\/wp\/v2\/pages\/2214\/revisions\/2605"}],"wp:featuredmedia":[{"embeddable":true,"href":"https:\/\/kant-online.ru\/en\/wp-json\/wp\/v2\/media\/1711"}],"wp:attachment":[{"href":"https:\/\/kant-online.ru\/en\/wp-json\/wp\/v2\/media?parent=2214"}],"curies":[{"name":"wp","href":"https:\/\/api.w.org\/{rel}","templated":true}]}}