{"id":1174,"date":"2020-05-11T16:23:39","date_gmt":"2020-05-11T16:23:39","guid":{"rendered":"http:\/\/www.kant-online.ru\/en\/?page_id=1174"},"modified":"2022-09-27T22:12:15","modified_gmt":"2022-09-27T22:12:15","slug":"prof-dr-nina-a-dmitrieva","status":"publish","type":"page","link":"https:\/\/kant-online.ru\/en\/kantian-rationality-lab\/1382-2\/prof-dr-nina-a-dmitrieva\/","title":{"rendered":"Dmitrieva"},"content":{"rendered":"<p style=\"text-align: left;\"><strong><a href=\"http:\/\/www.kant-online.ru\/en\/wp-content\/uploads\/2020\/05\/\u0414\u043c\u0438\u0442\u0440\u0438\u0435\u0432\u0430.jpg\"><img loading=\"lazy\" class=\"size-medium wp-image-1175 alignleft\" src=\"http:\/\/www.kant-online.ru\/en\/wp-content\/uploads\/2020\/05\/\u0414\u043c\u0438\u0442\u0440\u0438\u0435\u0432\u0430-300x200.jpg\" alt=\"\" width=\"300\" height=\"200\" srcset=\"https:\/\/kant-online.ru\/en\/wp-content\/uploads\/2020\/05\/\u0414\u043c\u0438\u0442\u0440\u0438\u0435\u0432\u0430-300x200.jpg 300w, https:\/\/kant-online.ru\/en\/wp-content\/uploads\/2020\/05\/\u0414\u043c\u0438\u0442\u0440\u0438\u0435\u0432\u0430-768x512.jpg 768w, https:\/\/kant-online.ru\/en\/wp-content\/uploads\/2020\/05\/\u0414\u043c\u0438\u0442\u0440\u0438\u0435\u0432\u0430.jpg 1024w\" sizes=\"(max-width: 300px) 100vw, 300px\" \/><\/a>Nina Dmitrieva<\/strong> is scientific director of the <i>Academia Kantiana<\/i>, \u00a0Immanuel Kant Baltic Federal University (IKBFU); Professor of Philosophy, Moscow Pedagogical State\u00a0University (MPGU);\u00a0Associated Member of the <a href=\"https:\/\/www.izea.uni-halle.de\/ueber-uns\/assoziierte-mitglieder.html\" target=\"_blank\" rel=\"noopener\"><i>Interdisziplin\u00e4res Zentrum f\u00fcr die Erforschung der Europ\u00e4ischen Aufkl\u00e4rung <\/i><\/a>(IZEA), Martin-Luther-University of Halle-Wittenberg;\u00a0Corresponding Member Abroad of the <a href=\"https:\/\/www.oeaw.ac.at\/m\/dmitrieva-nina-a\" target=\"_blank\" rel=\"noopener\">Austrian Academy of Sciences<\/a> (\u00d6AW).<span class=\"Apple-converted-space\">\u00a0<\/span><\/p>\n<p style=\"text-align: left;\">She is editor-in-chief of the <strong><a href=\"https:\/\/journals.kantiana.ru\/eng\/kant_collection\/\" target=\"_blank\" rel=\"noopener\"><i>Kantian Journal<\/i> <\/a><\/strong>(Kaliningrad, Russia).<\/p>\n<p style=\"text-align: left;\">Her work centers in Russian and German Neo-Kantianism, Kant reception in Russia, History of Russian and Continental Philosophy in the 19th and 20th Centuries,\u00a0History and Theory of Intellectuals.<\/p>\n<p style=\"text-align: left;\">She is the author of more than 140 publications, among them books <i>Russian Neo-Kantianism. \u201cMarburg\u201d in Russia: Historical-Philosophical Essays<\/i> (2007, in Rus.), <i>Boris A. Fokht [Vogt]: to the History of Russian Neo-Kantianism<\/i> (1999, in Rus.).<\/p>\n<p style=\"text-align: left;\">In the <i>Kantian Rationality Lab<\/i> she works in study of Kantian approach to technologies of reproduction of rationality in education and in the \u201cNew Enlightenment\u201d.<\/p>\n<p style=\"text-align: left;\"><strong>ORCID<\/strong>: <a href=\"https:\/\/orcid.org\/0000-0003-1092-0321\" target=\"_blank\" rel=\"noopener\">0000-0003-1092-0321<span class=\"Apple-converted-space\">\u00a0<\/span><\/a><\/p>\n<p style=\"text-align: left;\"><strong>Author ID SCOPUS<\/strong>: <a href=\"https:\/\/www.scopus.com\/authid\/detail.uri?authorId=37105943500\" target=\"_blank\" rel=\"noopener\">37105943500<\/a><span class=\"Apple-converted-space\">\u00a0<\/span><\/p>\n<p style=\"text-align: left;\"><strong>ResercherID Web of Science<\/strong>: <a href=\"https:\/\/www.webofscience.com\/wos\/author\/record\/84371\" target=\"_blank\" rel=\"noopener\">D-6316-2017<\/a><span class=\"Apple-converted-space\">\u00a0<\/span><\/p>\n<p style=\"text-align: left;\"><strong>Author ID RSCI<\/strong>: <a href=\"https:\/\/elibrary.ru\/author_items.asp?authorid=312476\" target=\"_blank\" rel=\"noopener\">312476<\/a><span class=\"Apple-converted-space\">\u00a0<\/span><\/p>\n<p style=\"text-align: left;\"><strong>Email<\/strong>: NDmitrieva [at] kantiana.ru<\/p>\n<p><a href=\"https:\/\/eng.kantiana.ru\/dmitrieva\" target=\"_blank\" rel=\"noopener\">https:\/\/eng.kantiana.ru\/dmitrieva<\/a><\/p>\n\n\n<p><strong>Membership in other research institutions&nbsp;<\/strong><\/p>\n\n\n\n<ul><li>Editorial Board Member of the <em><a rel=\"noreferrer noopener\" href=\"https:\/\/eng.iphras.ru\/histph.htm\" target=\"_blank\">History of Philosophy Yearbook <\/a><\/em>(Moscow, Russia)<\/li><li>Editorial Board Member of the <em><a rel=\"noreferrer noopener\" href=\"http:\/\/human-inion.org\/en\/index.php\" target=\"_blank\">Human Being: Image and Essence. Humanitarian Aspects<\/a> <\/em>(Moscow, Russia)&nbsp;<\/li><li>Editorial Board Member of the <em><a rel=\"noreferrer noopener\" href=\"http:\/\/sphr-bg.org\/55\/105\/363.html\" target=\"_blank\">Sofia Philosophical Review<\/a> <\/em>(Sofia, Bulgaria)&nbsp;<\/li><li>Advisory Board Member of the <em><a href=\"https:\/\/en.kantcalismalari.org\/kurullar\" target=\"_blank\" rel=\"noreferrer noopener\">Kant \u00c7al\u0131\u015fmalar\u0131 Dergisi <\/a><\/em>[<em>Journal of Kant Studies<\/em>] (Turkey)&nbsp;<\/li><li>Member of the <em>Hermann Cohen-Gesellschaft e.V. <\/em>(Switzerland)&nbsp;<\/li><li>Member of the <em>Kant-Gesellschaft e.V<\/em>. (Germany)&nbsp;<\/li><li>Expert included in the <em>Federal Register of Experts in Science and Technology <\/em>(Russia)&nbsp;<\/li><\/ul>\n\n\n\n<p class=\"has-medium-font-size\"><strong>Publications (140+)<\/strong><\/p>\n\n\n\n<p style=\"font-size:18px\"><strong>Books (in Russian)<\/strong><\/p>\n\n\n\n<p><em>Dmitrieva, N.A<\/em>., 1999. Boris Aleksandrovich Fokht: k istorii russikogo neokantianstva [Boris Alexandrovich Fokht: Study in the History of the Russian Neo-Kantianism], \u201cPrometei\u201d, Moskva, 102 pp.&nbsp;&nbsp;<\/p>\n\n\n\n<p><em>Fokht (Vogt), B.A<\/em>., 2003. Izbrannoe (iz filosofskogo naslediya) [Selected Papers (Form Philosophical Heritage)]. Edited and commented with introduction by Nina A. Dmitrieva, \u201cProgress-Traditsiya\u201d, Moskva, 456 pp.<\/p>\n\n\n\n<p><em>Dmitrieva, N.A<\/em>., 2007.&nbsp;<a>Russkoe neokantianstvo: \u201cMarburg\u201d v Rossii. Istoriko-filosofskie ocherki<\/a>&nbsp;[Russian Neo-Kantianism:&nbsp;Marburg in Russia. Historical-Philosophical Studies],&nbsp;Moscow: ROSSPEN, 511 pp. (Seria: \u201cHumanitas\u201d).<\/p>\n\n\n\n<p><strong><em>Reviews of the monography outwith Russia<\/em><\/strong><\/p>\n\n\n\n<ul><li><em>Markov, A.<\/em>, N. Dmitriyeva. Russian Neo-Kantianism. \u201cMarburg\u201d in Russia: Historical-Philosophical Essays, in: Social Sciences. A Quarterly Journal of the Russian Academy of Sciences, vol. 40 (2009), no. 3, pp. 153-159.<\/li><li><em>M\u00f6ckel, Ch<\/em>., Nina Dmitrieva: Russkoje neokantianstvo: \u201cMarburg\u201d v Rossii. Istoriko-filosofskije o\u010derki. Serija: Humanitas. Izdatelstvo Rossijskaja politi\u010deskaja enziklopedija. Moskva 2007.&nbsp;511 s. (Nina Dmitrieva: Russischer Neukantianismus: \u201cMarburg\u201d in Ru\u00dfland. Philosophiegeschichtliche Essays. Reihe: Humanitas. Verlag Russische politische Enzyklop\u00e4die. Moskau 2007, 511 S.), in: Philosophische Literaturanzeiger, Bd. 61, H. 3\/2008 (Juli-September), S. 263-268.<\/li><li><em>Zank, M<\/em>., Nina Dmitrieva, Russian Neo-Kantianism: Marburg in Russia. Historical-philosophical sketches, Moscow, 2007 (ISBN 978-5-8243-0835-8) 511 pp., in Russian, with a table of contents and a six page summary in German; including also an appendix of letters, an extensive bibliography, and twelve pages of photographic images between text pages 256 and 257, in: North American Hermann Cohen Society:&nbsp;<a href=\"http:\/\/criticalidealism.blogspot.de\/2007\/08\/marburg-in-russia.html\">http:\/\/criticalidealism.blogspot.de\/2007\/08\/marburg-in-russia.html<\/a><\/li><\/ul>\n\n\n\n<p><em>Griftsova, I.N., Dmitrieva, N.A<\/em>. (eds.), 2010. Neokantianstvo nemetskoye i russkoye: mezhdu teoriyei poznaniya i kritikoi kultury [German and Russian Neo-Kantianism: between Theory of Knowledge and Critique of Culture],&nbsp;Moscow: ROSSPEN, 568 pp. (Seria: \u201cHumanitas\u201d).<\/p>\n\n\n\n<p><em>Trendelenburg, F.A<\/em>., 2017.&nbsp;<em>Elements<\/em>&nbsp;of Aristotle\u2019s Logic. Traslated from Latin &amp; German by B.&nbsp;Fokht (Vogt), A. Vashestov, M. Demin; Introduction by M. Demin; Foreword by N.A. Dmitrieva &amp; M. Demin, edited by N.A. Dmitrieva. Moscow: \u201cKanon plus\u201d, 336 pp.<\/p>\n\n\n\n<p><em>Dmitrieva, N.A<\/em>. (ed.), 2022. Kantian Rationality in Science, Society, and Education. Kaliningrad, Moscow &amp; Saint-Petersburg: Petroglif; Centre for Humanities, 510 pp.&nbsp;<\/p>\n\n\n\n<p style=\"font-size:18px\"><strong>Books (in English)<\/strong><\/p>\n\n\n\n<p><em>Dmitrieva, N., Hanna, R., Chaly<\/em>,&nbsp;<em>V.<\/em>&nbsp;(eds.), 2022. Kant and the Ethics of Enlightenment: Historical Roots and Contemporary Relevance. Proceedings of the 12<sup>th<\/sup>&nbsp;International Kant-Readings Conference (Kaliningrad, 21-25 April 2019). Kaliningrad: Immanuel Kant Baltic Federal University Press&nbsp;(in print).<\/p>\n\n\n\n<p style=\"font-size:18px\"><strong>Articles&nbsp;<\/strong>(selected,<strong>&nbsp;<\/strong>outwith Russia and\/or in foreign languages)<\/p>\n\n\n\n<p><em>Dmitrieva, N.A.<\/em>, 2022. Kant im fr\u00fcheren russischen Neukantianismus,<em>&nbsp;<\/em>in: F.&nbsp;Stengel, H.&nbsp;Heidenreich (eds.), 2022.&nbsp;<em>Kant um 1900. Hallesche Beitr\u00e4ge zur europ\u00e4ischen Aufkl\u00e4rung<\/em>.&nbsp;Boston &amp; Berlin: De Gruyter, pp. 163-171.&nbsp;<a href=\"https:\/\/doi.org\/10.1515\/9783110758801-009\">https:\/\/doi.org\/10.1515\/9783110758801-009<\/a><\/p>\n\n\n\n<p><em>Dmitrieva, N. A<\/em>., 2021. The Kantian Origins of Sergey Rubinstein\u2019s Theory of Moral Improvement.&nbsp;<em>Journal of Philosophy of Education<\/em>. Vol. 55, no. 6,&nbsp;\u0440p.&nbsp;1126-1141.&nbsp;<a href=\"https:\/\/doi.org\/10.1111\/1467-9752.12632\">https:\/\/doi.org\/10.1111\/1467-9752.12632<\/a><\/p>\n\n\n\n<p><em>Dmitrieva, N.A<\/em>., 2021. A. L.&nbsp;Sakketti. Philosophy of Hermann Cohen (Publication, Foreword and Commentary by N.A. Dmitrieva).&nbsp;<em>Kantian Journal<\/em>. Vol. 40, no. 2, pp. 95-130. http:\/\/dx.doi.org\/10.5922\/0207-6918-2021-2-4<\/p>\n\n\n\n<p><em>Dmitrieva, N.A<\/em>., 2021. Kant in Early Russian Neo-Kantianism: The Case of Vvedensky, in:&nbsp;C.&nbsp;Serck-Hanssen and B. Himmelmann (eds.), 2021.&nbsp;<em>The Court of Reason: Proceedings of the 13<sup>th<\/sup>&nbsp;International Kant Congress. Oslo, 6\u20149 August 2019<\/em>. Berlin &amp; Boston: Walter de Gruyter, pp.&nbsp;1247-1254.<\/p>\n\n\n\n<p><em>Dmitrieva, N.A.<\/em>, 2020. Hermann Cohen\u2019s Ethical Ideas in the Writings of Boris Pasternak.&nbsp;<em>Russian Studies in Philosophy<\/em>.&nbsp;Vol. 58, no. 4, pp. 279-291. <a href=\"https:\/\/doi.org\/10.1080\/10611967.2020.1847923\">https:\/\/doi.org\/10.1080\/10611967.2020.1847923<\/a><\/p>\n\n\n\n<p><em>Dmitrieva, N. A., Zilber, A. S., Chaly, V. A., Kiselev, A. S., Bonadyseva, P. R<\/em>., 2019. Kant\u2019s Ethics in the Context of the Enlightenment. Report of the 12<sup>th<\/sup>&nbsp;Kant Readings Conference (Kaliningrad, 21-25 April 2019).&nbsp;<em>Kantian Journal<\/em>, 38(4), pp. 101-118.&nbsp;<a href=\"http:\/\/dx.doi:10.5922\/0207-6918-2019-4-5\">http:\/\/dx.doi:10.5922\/0207-6918-2019-4-5<\/a>&nbsp;&nbsp;<\/p>\n\n\n\n<p><em>Dmitrieva, N. A.<\/em>, 2017. Das Problem der Methode bei Hegel. Sergej Rubinstein und Hermann Cohen, in: H. Ferreiro, T.S. Hoffmann (eds.), 2017.&nbsp;<em>Metaphysik \u2014 Metaphysikkritik \u2014 Neubegr\u00fcndung der Erkenntnis: Der Ertrag der Denkbewegung von Kant bis Hegel<\/em>. Berlin: Dunckler &amp; Humblot, pp. 321-332.&nbsp;(Begriff und Konkretion, Bd. 5).<\/p>\n\n\n\n<p><em>Dmitrieva, N. A.<\/em>, 2016.&nbsp;Back to Kant, or Forward to Enlightenment: The Particularities and Issues of Russian Neo-Kantianism.&nbsp;<em>Russian Studies in Philosophy<\/em>.&nbsp;Vol. 54, no. 5: Neokantianism in Russia.&nbsp;pp. 378-394.&nbsp;<a href=\"https:\/\/doi.org\/10.1080\/10611967.2016.1290414\">https:\/\/doi.org\/10.1080\/10611967.2016.1290414<\/a><\/p>\n\n\n\n<p><em>Dmitrieva, N.A.<\/em>, 2015. Hermann Cohens Konzept der Anthropodizee in der Sicht Jacob Gordins.&nbsp;<em>Kantovsky Sbornik: Kant Studies Journal<\/em>, pp. 78-86.<strong>&nbsp;<\/strong><a href=\"https:\/\/doi.org\/10.5922\/0207-6918-2015-3-ENG-7\">https:\/\/doi.org\/10.5922\/0207-6918-2015-3-ENG-7<\/a><\/p>\n\n\n\n<p><em>Dmitrieva, N.A<\/em>., 2013. Geschichtskonzepte im russischen Neukantianismus: Nikolai Boldyrew und Jacob Gordin, in: Ch. Krijnen, M. de Launay (eds.), 2013.&nbsp;<em>Der Begriff der Geschichte im Marburger und S\u00fcdwestdeutschen Neukantianismus<\/em>, K\u00f6nigshausen &amp; Neumann, W\u00fcrzburg, pp. 173-193.<\/p>\n\n\n\n<p><em>Dmitrieva, N.A<\/em>., 2010. Mensch und Geschichte. Zur \u2018anthropologischen Wende\u2019 im russischen Neukantianismus.&nbsp;<em>Etica &amp; Politica \/ Ethics &amp; Politics<\/em>, vol.&nbsp;XII, no. 2, pp. 82\u2013103. URL:<strong>&nbsp;<\/strong><a href=\"http:\/\/hdl.handle.net\/10077\/5103\">http:\/\/hdl.handle.net\/10077\/5103<\/a><\/p>\n\n\n\n<p><em>Dmitrieva, N.A<\/em>., 2008. Il neokantismo russo. Storia di una corrente, in:&nbsp;<em>Giornale critico della filosofia italiana<\/em>, settima serie, vol.&nbsp;4, fasc. II, no. 2, maggio-agosto, pp. 220-239 (in Italian, transl. by Marco Giovanelli).<\/p>\n\n\n\n<p><em>Dmitrieva, N.A<\/em>., 2008. Sergej Rubinsteins Hegelrezeption, in:&nbsp;Wolfram Hogrebe (ed.), 2008.&nbsp;<em>P<\/em><em>h\u00e4nomen und Analyse. Grundbegriffe der Philosophie des 20. Jahrhunderts in Erinnerung an Hegels&nbsp;<\/em>Ph\u00e4nomenologie des Geistes (1807). W\u00fcrzburg: K\u00f6nigshausen&nbsp;&amp; Neumann, pp. 83-93.&nbsp;<\/p>\n\n\n\n<p><em>Dmitrieva, N.A<\/em>., 2008. Kantianism in the 20<sup>th<\/sup>&nbsp;Century: On the History of a Philosophical Tradition, in: V. Rohden, R.R. Terra, G.A. de Almeida, M. Ruffing (eds.), 2008.&nbsp;<em>Right and Peace in Kant\u2019s Philosophy \/ Recht und Frieden in der Philosophie Kants. Akten des X. Internationalen Kant-Kongresses<\/em>. Vol. 5: Sektions VIII\u2013XIV, Berlin, New York: De Gruyter, pp. 391-402.<\/p>\n\n\n\n<p><em>Dmitrieva, N.A<\/em>., 2008. Positivismus und Marburger Neukantianismus: Die unterschiedlichen Wissenschaftsideen, in: S. Plaggenborg, M. Soboleva (eds.), 2008.&nbsp;<em>Alexander Bogdanov. Theoretiker f\u00fcr das 20. Jahrhundert<\/em>. M\u00fcnchen: Otto Sagner,&nbsp;pp. 39-66.<\/p>\n\n\n\n<p><em>Dmitrieva, N.A<\/em>., 2007. Lenin \u00e9s az orosz \u00e9rtelmis\u00e9q: 1922 \u2013 \u201eA filoz\u00f3fusok haj\u00f3ja\u201c-nak \u00e1ttekint\u0151 t\u00f6rt\u00e9nete [Lenin and Russian Intelligentsia: 1922.&nbsp;On the History of the \u201cPhilosophical Steamship\u201d], in:&nbsp;<em>Eszm\u00e9let. T\u00e1rsadalomkritikai \u00e9s kultu\u00e1lis foly\u00f3irat. Megjelenik \u00e9vente n\u00e9gyszer<\/em>. Budapest, no. 76, pp. 156-183 (in Hungarian, transl. by Sz\u00e9kely Ervin).<\/p>\n\n\n\n<p><em>Dmitrieva, N.A<\/em>., 2006. Iz istorii neokantianstva v Rossii [About the History of Neo-Kantianism in Russia], in: L. Fleishman (ed.), 2006.&nbsp;<em>Eternity\u2019s Hostage: Selected Papers from the Stanford International Conference on Boris Pasternak. May, 2004<\/em>. Part II. Stanford: Department of Slavic Languages and Literatures, Stanford University, pp. 467\u2013547. \u2013 (Stanford Slavic Studies 31:2) (in Russian).<\/p>\n","protected":false},"excerpt":{"rendered":"<p>Nina Dmitrieva is scientific director of the Academia Kantiana, \u00a0Immanuel Kant Baltic Federal University (IKBFU); Professor of Philosophy, Moscow Pedagogical State\u00a0University (MPGU);\u00a0Associated Member of the Interdisziplin\u00e4res Zentrum f\u00fcr die Erforschung der Europ\u00e4ischen Aufkl\u00e4rung (IZEA), Martin-Luther-University of Halle-Wittenberg;\u00a0Corresponding Member Abroad of the Austrian Academy of Sciences (\u00d6AW).\u00a0 She is editor-in-chief of the Kantian Journal (Kaliningrad, Russia). [&hellip;]<\/p>\n","protected":false},"author":1,"featured_media":0,"parent":1382,"menu_order":0,"comment_status":"closed","ping_status":"closed","template":"","meta":[],"_links":{"self":[{"href":"https:\/\/kant-online.ru\/en\/wp-json\/wp\/v2\/pages\/1174"}],"collection":[{"href":"https:\/\/kant-online.ru\/en\/wp-json\/wp\/v2\/pages"}],"about":[{"href":"https:\/\/kant-online.ru\/en\/wp-json\/wp\/v2\/types\/page"}],"author":[{"embeddable":true,"href":"https:\/\/kant-online.ru\/en\/wp-json\/wp\/v2\/users\/1"}],"replies":[{"embeddable":true,"href":"https:\/\/kant-online.ru\/en\/wp-json\/wp\/v2\/comments?post=1174"}],"version-history":[{"count":12,"href":"https:\/\/kant-online.ru\/en\/wp-json\/wp\/v2\/pages\/1174\/revisions"}],"predecessor-version":[{"id":2431,"href":"https:\/\/kant-online.ru\/en\/wp-json\/wp\/v2\/pages\/1174\/revisions\/2431"}],"up":[{"embeddable":true,"href":"https:\/\/kant-online.ru\/en\/wp-json\/wp\/v2\/pages\/1382"}],"wp:attachment":[{"href":"https:\/\/kant-online.ru\/en\/wp-json\/wp\/v2\/media?parent=1174"}],"curies":[{"name":"wp","href":"https:\/\/api.w.org\/{rel}","templated":true}]}}